{"id":209,"date":"2025-03-19T15:22:59","date_gmt":"2025-03-19T14:22:59","guid":{"rendered":"https:\/\/abogado-isla-margarita.com\/fr\/?page_id=209"},"modified":"2025-05-10T12:18:13","modified_gmt":"2025-05-10T10:18:13","slug":"acheter-une-maison-sur-l-ile-de-margarita-en-tant-que-etranger","status":"publish","type":"page","link":"https:\/\/abogado-isla-margarita.com\/fr\/acheter-une-maison-sur-l-ile-de-margarita-en-tant-que-etranger\/","title":{"rendered":"Acheter une maison sur l&rsquo;\u00eele de Margarita en tant qu&rsquo;\u00e9tranger"},"content":{"rendered":"\n<div class=\"wp-block-group has-global-padding is-content-justification-center is-layout-constrained wp-container-core-group-is-layout-1 wp-block-group-is-layout-constrained\" style=\"margin-top:0;margin-bottom:0;padding-top:70px;padding-right:20px;padding-bottom:70px;padding-left:20px\">\n<div class=\"wp-block-columns is-layout-flex wp-container-core-columns-is-layout-1 wp-block-columns-is-layout-flex\" style=\"padding-right:0;padding-left:0\">\n<div class=\"wp-block-column is-vertically-aligned-center wow animate__animated animate__fadeIn is-layout-flow wp-block-column-is-layout-flow\">\n<p class=\"has-sml-medium-font-size\" style=\"font-style:normal;font-weight:700;letter-spacing:1px;line-height:1.5;text-transform:uppercase\">Cabinet virtuel d\u2019avocats<\/p>\n\n\n\n<h1 class=\"wp-block-heading\" style=\"margin-top:5px;margin-bottom:0;line-height:1.2\">Conditions requises pour qu&rsquo;un \u00e9tranger puisse acheter sur l&rsquo;\u00eele de Margarita<\/h1>\n\n\n\n<p class=\"has-text-align-left\" style=\"margin-top:0;margin-bottom:0;padding-top:30px;padding-bottom:30px;line-height:1.5\"><strong>D\u00e9couvrez votre guide essentiel pour acheter une propri\u00e9t\u00e9 \u00e0 Margarita, Venezuela !<\/strong><br><br><strong>Ce que vous trouverez dans ce guide:<\/strong><br>\u2022 Conseils et recommandations pratiques : \u00c9vitez les pi\u00e8ges et faites un investissement s\u00fbr.<br>\u2022 Conditions d&rsquo;entr\u00e9e au Venezuela : Tous les d\u00e9tails sur les visas, les documents n\u00e9cessaires et les proc\u00e9dures \u00e0 compl\u00e9ter.<br>\u2022 Diff\u00e9rents types de visas : Choisissez le <a href=\"https:\/\/abogado-isla-margarita.com\/fr\/obtenez-rapidement-votre-visa-pour-acheter-sur-lile-de-margarita\/\">visa<\/a> adapt\u00e9 \u00e0 votre projet immobilier et d\u00e9couvrez ses avantages.<br>\u2022 Les \u00e9tapes cl\u00e9s de l<a href=\"https:\/\/immobilier-ile-margarita.com\/\">&lsquo;achat d&rsquo;un bien immobilier<\/a>: Du choix du bien \u00e0 la signature de l&rsquo;acte de vente, nous vous guidons pas \u00e0 pas.<\/p>\n<\/div>\n\n\n\n<div class=\"wp-block-column is-vertically-aligned-top has-global-padding is-layout-constrained wp-block-column-is-layout-constrained\">\n<div class=\"wp-block-cover is-light\" style=\"border-style:none;border-width:0px;border-radius:0px;min-height:600px;aspect-ratio:unset;\"><span aria-hidden=\"true\" class=\"wp-block-cover__background has-background-dim-0 has-background-dim\"><\/span><img decoding=\"async\" class=\"wp-block-cover__image-background wp-image-326\" alt=\"C\u00f3mo comprar una casa en la Isla de Margarita siendo extranjero\" src=\"https:\/\/abogado-isla-margarita.com\/wp-content\/uploads\/2025\/03\/Como-comprar-una-casa-en-la-Isla-de-Margarita-siendo-extranjero.png\" data-object-fit=\"cover\"\/><div class=\"wp-block-cover__inner-container has-global-padding is-layout-constrained wp-block-cover-is-layout-constrained\">\n<p class=\"has-text-align-center has-large-font-size\"><\/p>\n<\/div><\/div>\n<\/div>\n<\/div>\n<\/div>\n\n\n\n<p><strong>Comment acheter une maison sur l&rsquo;\u00eele de Margarita en tant qu&rsquo;\u00e9tranger ?<\/strong><\/p>\n\n\n\n<p>Ce guide complet est votre alli\u00e9 pour naviguer dans le processus d\u2019achat en toute simplicit\u00e9.<\/p>\n\n\n\n<p>Pourquoi ce guide est-il indispensable ?<\/p>\n\n\n\n<ul class=\"wp-block-list\">\n<li>Il vous fait gagner du temps et de l&rsquo;\u00e9nergie en centralisant toutes les informations essentielles.<\/li>\n\n\n\n<li>Il vous aide \u00e0 comprendre les subtilit\u00e9s du march\u00e9 immobilier v\u00e9n\u00e9zu\u00e9lien.<\/li>\n\n\n\n<li>Il vous permet d\u2019\u00e9viter des erreurs co\u00fbteuses et de s\u00e9curiser votre investissement.<\/li>\n<\/ul>\n\n\n\n<p>N&rsquo;attendez plus pour r\u00e9aliser votre r\u00eave d&rsquo;acqu\u00e9rir une propri\u00e9t\u00e9 \u00e0 Margarita.!<\/p>\n\n\n\n<p>Ce guide est le fruit de l&rsquo;exp\u00e9rience d&rsquo;un professionnel de l&rsquo;immobilier, <strong>Diana C. ROJAS<\/strong>, avocat et sp\u00e9cialiste du march\u00e9 local.<\/p>\n\n\n\n<p><em>*Document mis \u00e0 jour conform\u00e9ment \u00e0 la r\u00e9glementation l\u00e9gale v\u00e9n\u00e9zu\u00e9lienne correspondant \u00e0 mars 2025.<\/em><\/p>\n\n\n\n<p>Pendant une dur\u00e9e limit\u00e9e, profitez d&rsquo;une remise exceptionnelle sur le prix de ce guide.<\/p>\n\n\n\n<p><\/p>\n\n\n\n<div class=\"wpforms-container wpforms-container-full wpforms-stripe wpforms-render-modern\" id=\"wpforms-218\"><form id=\"wpforms-form-218\" class=\"wpforms-validate wpforms-form wpforms-ajax-form\" data-formid=\"218\" method=\"post\" enctype=\"multipart\/form-data\" action=\"\/fr\/wp-json\/wp\/v2\/pages\/209\" data-token=\"67ec6fc4c9862ff55355d427bed7ac19\" data-token-time=\"1778074110\"><noscript class=\"wpforms-error-noscript\">Veuillez activer JavaScript dans votre navigateur pour remplir ce formulaire.<\/noscript><div class=\"wpforms-hidden\" id=\"wpforms-error-noscript\">Veuillez activer JavaScript dans votre navigateur pour remplir ce formulaire.<\/div><div class=\"wpforms-field-container\"><div id=\"wpforms-218-field_1-container\" class=\"wpforms-field wpforms-field-payment-single\" data-field-id=\"1\"><label class=\"wpforms-field-label\">Guide PDF offre sp\u00e9ciale<\/label><div class=\"wpforms-single-item-price-content\"><div class=\"wpforms-single-item-price wpforms-field-medium wpforms-payment-price\">Prix\u00a0: <span class=\"wpforms-price\">15,00 &euro;<\/span><\/div><\/div><input type=\"hidden\" id=\"wpforms-218-field_1\" class=\"wpforms-field-medium wpforms-payment-price\" name=\"wpforms[fields][1]\" value=\"15,00 &euro;\"><\/div><div id=\"wpforms-218-field_2-container\" class=\"wpforms-field wpforms-field-name\" data-field-id=\"2\"><fieldset><legend class=\"wpforms-field-label\">Nom <span class=\"wpforms-required-label\" aria-hidden=\"true\">*<\/span><\/legend><div class=\"wpforms-field-row wpforms-field-medium\"><div class=\"wpforms-field-row-block wpforms-first wpforms-one-half\"><input type=\"text\" id=\"wpforms-218-field_2\" class=\"wpforms-field-name-first wpforms-field-required\" name=\"wpforms[fields][2][first]\" aria-errormessage=\"wpforms-218-field_2-error\" required><label for=\"wpforms-218-field_2\" class=\"wpforms-field-sublabel after\">Pr\u00e9nom<\/label><\/div><div class=\"wpforms-field-row-block wpforms-one-half\"><input type=\"text\" id=\"wpforms-218-field_2-last\" class=\"wpforms-field-name-last wpforms-field-required\" name=\"wpforms[fields][2][last]\" aria-errormessage=\"wpforms-218-field_2-last-error\" required><label for=\"wpforms-218-field_2-last\" class=\"wpforms-field-sublabel after\">Nom<\/label><\/div><\/div><\/fieldset><\/div><div id=\"wpforms-218-field_3-container\" class=\"wpforms-field wpforms-field-radio\" data-field-id=\"3\"><fieldset><legend class=\"wpforms-field-label\">Langue <span class=\"wpforms-required-label\" aria-hidden=\"true\">*<\/span><\/legend><ul id=\"wpforms-218-field_3\" class=\"wpforms-field-required\"><li class=\"choice-1 depth-1\"><input type=\"radio\" id=\"wpforms-218-field_3_1\" name=\"wpforms[fields][3]\" value=\"Fran\u00e7ais\" aria-errormessage=\"wpforms-218-field_3_1-error\" required ><label class=\"wpforms-field-label-inline\" for=\"wpforms-218-field_3_1\">Fran\u00e7ais<\/label><\/li><li class=\"choice-2 depth-1\"><input type=\"radio\" id=\"wpforms-218-field_3_2\" name=\"wpforms[fields][3]\" value=\"Anglais\" aria-errormessage=\"wpforms-218-field_3_2-error\" required ><label class=\"wpforms-field-label-inline\" for=\"wpforms-218-field_3_2\">Anglais<\/label><\/li><li class=\"choice-3 depth-1\"><input type=\"radio\" id=\"wpforms-218-field_3_3\" name=\"wpforms[fields][3]\" value=\"Espa\u00f1ol\" aria-errormessage=\"wpforms-218-field_3_3-error\" required ><label class=\"wpforms-field-label-inline\" for=\"wpforms-218-field_3_3\">Espa\u00f1ol<\/label><\/li><\/ul><\/fieldset><\/div><div id=\"wpforms-218-field_4-container\" class=\"wpforms-field wpforms-field-payment-total wpforms-field-medium wpforms-summary-enabled\" data-field-id=\"4\"><label class=\"wpforms-field-label\">Total<\/label><div class=\"wpforms-order-summary-container\">\n\t<table class=\"wpforms-order-summary-preview\" cellpadding=\"0\" cellspacing=\"0\" width=\"100%\" role=\"presentation\">\n\t\t<caption style=\"display: none;\">R\u00e9sum\u00e9 de la commande<\/caption>\n\t\t<thead>\n\t\t\t<tr>\n\t\t\t\t<th class=\"wpforms-order-summary-item-label\" valign=\"top\">Article<\/th>\n\t\t\t\t<th class=\"wpforms-order-summary-item-quantity\" valign=\"top\">\n\t\t\t\t\t<span class=\"wpforms-order-summary-item-quantity-label-full\">Quantit\u00e9<\/span>\n\t\t\t\t\t<span class=\"wpforms-order-summary-item-quantity-label-short\">Qty<\/span>\n\t\t\t\t<\/th>\n\t\t\t\t<th class=\"wpforms-order-summary-item-price\" valign=\"top\" style=\"width:12ch;\">Total<\/th>\n\t\t\t<\/tr>\n\t\t<\/thead>\n\t\t<tbody>\n\t\t\t<tr class=\"wpforms-order-summary-placeholder wpforms-order-summary-placeholder-hidden\" style=\"display: none;\">\n\t\t\t\t<td colspan=\"3\" valign=\"top\">Aucun produit n\u2019est s\u00e9lectionn\u00e9.<\/td>\n\t\t\t<\/tr>\n\t\t\t<tr class=\"wpforms-order-summary-field\" data-field=\"1\" ><td class=\"wpforms-order-summary-item-label\" valign=\"top\">Guide PDF offre sp\u00e9ciale<\/td><td class=\"wpforms-order-summary-item-quantity\" valign=\"top\">1<\/td><td class=\"wpforms-order-summary-item-price\" valign=\"top\" style=\"width:12ch;\">15,00 &euro;<\/td><\/tr><tr class=\"wpforms-order-summary-preview-total\" ><td class=\"wpforms-order-summary-item-label\" valign=\"top\">Total<\/td><td class=\"wpforms-order-summary-item-quantity\" valign=\"top\"><\/td><td class=\"wpforms-order-summary-item-price\" valign=\"top\" style=\"width:12ch;\">15,00 &euro;<\/td><\/tr>\t\t<\/tbody>\n\t<\/table>\n<\/div>\n<div class=\"wpforms-payment-total\" style=\"display:none\">0,00 &euro;<\/div><input type=\"hidden\" id=\"wpforms-218-field_4\" class=\"wpforms-field-medium wpforms-payment-total\" name=\"wpforms[fields][4]\" value=\"0\"><\/div><div id=\"wpforms-218-field_5-container\" class=\"wpforms-field wpforms-field-stripe-credit-card\" data-field-id=\"5\"><label class=\"wpforms-field-label\">Paiement s\u00e9curis\u00e9 avec Stripe <span class=\"wpforms-required-label\" aria-hidden=\"true\">*<\/span><\/label><div class=\"wpforms-field-row wpforms-no-columns wpforms-field-medium \" data-sublabel-position=\"above\" data-link-email=\"\" data-required=\"1\"><div id=\"wpforms-field-stripe-link-element-218\"><\/div><div id=\"wpforms-field-stripe-payment-element-218\"><\/div><input type=\"text\" class=\"wpforms-stripe-credit-card-hidden-input\" name=\"wpforms[stripe-credit-card-hidden-input-218]\" disabled style=\"display: none;\"><\/div><\/div><\/div><!-- .wpforms-field-container --><div class=\"wpforms-recaptcha-container wpforms-is-turnstile\" ><div class=\"g-recaptcha\" data-sitekey=\"0x4AAAAAAB_tujb_GE4Et-UT\" data-action=\"FormID-218\"><\/div><input type=\"text\" name=\"g-recaptcha-hidden\" class=\"wpforms-recaptcha-hidden\" style=\"position:absolute!important;clip:rect(0,0,0,0)!important;height:1px!important;width:1px!important;border:0!important;overflow:hidden!important;padding:0!important;margin:0!important;\" data-rule-turnstile=\"1\"><\/div><div class=\"wpforms-submit-container\" ><input type=\"hidden\" name=\"wpforms[id]\" value=\"218\"><input type=\"hidden\" name=\"page_title\" value=\"\"><input type=\"hidden\" name=\"page_url\" value=\"https:\/\/abogado-isla-margarita.com\/fr\/wp-json\/wp\/v2\/pages\/209\"><button type=\"submit\" name=\"wpforms[submit]\" id=\"wpforms-submit-218\" class=\"wpforms-submit\" data-alt-text=\"Envoi...\" data-submit-text=\"Envoyer\" aria-live=\"assertive\" value=\"wpforms-submit\">Envoyer<\/button><img loading=\"lazy\" decoding=\"async\" src=\"https:\/\/abogado-isla-margarita.com\/fr\/wp-content\/plugins\/wpforms-lite\/assets\/images\/submit-spin.svg\" class=\"wpforms-submit-spinner\" style=\"display: none;\" width=\"26\" height=\"26\" alt=\"Chargement en cours\"><\/div><\/form><\/div>  <!-- .wpforms-container -->\n","protected":false},"excerpt":{"rendered":"<p>Cabinet virtuel d\u2019avocats Conditions requises pour qu&rsquo;un \u00e9tranger puisse acheter sur l&rsquo;\u00eele de Margarita D\u00e9couvrez votre guide essentiel pour acheter une propri\u00e9t\u00e9 \u00e0 Margarita, Venezuela ! Ce que vous trouverez dans ce guide:\u2022 Conseils et recommandations pratiques : \u00c9vitez les pi\u00e8ges et faites un investissement s\u00fbr.\u2022 Conditions d&rsquo;entr\u00e9e au Venezuela : Tous les d\u00e9tails sur [&hellip;]<\/p>\n","protected":false},"author":1,"featured_media":0,"parent":0,"menu_order":0,"comment_status":"closed","ping_status":"closed","template":"","meta":{"footnotes":""},"class_list":["post-209","page","type-page","status-publish","hentry"],"yoast_head":"<!-- This site is optimized with the Yoast SEO plugin v24.5 - https:\/\/yoast.com\/wordpress\/plugins\/seo\/ -->\n<title>Acheter une maison sur l&#039;\u00eele de Margarita en tant qu&#039;\u00e9tranger<\/title>\n<meta name=\"description\" content=\"Avocats \u00cele de Margarita propose son guide pour les \u00e9trangers avec les Conditions pour l&#039;achat d&#039;une propri\u00e9t\u00e9 sur l&#039;\u00eele de Margarita, Venezuela\" \/>\n<meta name=\"robots\" content=\"index, follow, max-snippet:-1, max-image-preview:large, max-video-preview:-1\" \/>\n<link rel=\"canonical\" href=\"https:\/\/abogado-isla-margarita.com\/fr\/acheter-une-maison-sur-l-ile-de-margarita-en-tant-que-etranger\/\" \/>\n<meta property=\"og:locale\" content=\"fr_FR\" \/>\n<meta property=\"og:type\" content=\"article\" \/>\n<meta property=\"og:title\" content=\"Acheter une maison sur l&#039;\u00eele de Margarita en tant qu&#039;\u00e9tranger\" \/>\n<meta property=\"og:description\" content=\"Avocats \u00cele de Margarita propose son guide pour les \u00e9trangers avec les Conditions pour l&#039;achat d&#039;une propri\u00e9t\u00e9 sur l&#039;\u00eele de Margarita, Venezuela\" \/>\n<meta property=\"og:url\" content=\"https:\/\/abogado-isla-margarita.com\/fr\/acheter-une-maison-sur-l-ile-de-margarita-en-tant-que-etranger\/\" \/>\n<meta property=\"og:site_name\" content=\"Avocats francophones au Venezuela\" \/>\n<meta property=\"article:modified_time\" content=\"2025-05-10T10:18:13+00:00\" \/>\n<meta name=\"twitter:card\" content=\"summary_large_image\" \/>\n<meta name=\"twitter:label1\" content=\"Dur\u00e9e de lecture estim\u00e9e\" \/>\n\t<meta name=\"twitter:data1\" content=\"2 minutes\" \/>\n<script type=\"application\/ld+json\" class=\"yoast-schema-graph\">{\"@context\":\"https:\/\/schema.org\",\"@graph\":[{\"@type\":\"WebPage\",\"@id\":\"https:\/\/abogado-isla-margarita.com\/fr\/acheter-une-maison-sur-l-ile-de-margarita-en-tant-que-etranger\/\",\"url\":\"https:\/\/abogado-isla-margarita.com\/fr\/acheter-une-maison-sur-l-ile-de-margarita-en-tant-que-etranger\/\",\"name\":\"Acheter une maison sur l'\u00eele de Margarita en tant qu'\u00e9tranger\",\"isPartOf\":{\"@id\":\"https:\/\/abogado-isla-margarita.com\/fr\/#website\"},\"primaryImageOfPage\":{\"@id\":\"https:\/\/abogado-isla-margarita.com\/fr\/acheter-une-maison-sur-l-ile-de-margarita-en-tant-que-etranger\/#primaryimage\"},\"image\":{\"@id\":\"https:\/\/abogado-isla-margarita.com\/fr\/acheter-une-maison-sur-l-ile-de-margarita-en-tant-que-etranger\/#primaryimage\"},\"thumbnailUrl\":\"https:\/\/abogado-isla-margarita.com\/wp-content\/uploads\/2025\/03\/Como-comprar-una-casa-en-la-Isla-de-Margarita-siendo-extranjero.png\",\"datePublished\":\"2025-03-19T14:22:59+00:00\",\"dateModified\":\"2025-05-10T10:18:13+00:00\",\"description\":\"Avocats \u00cele de Margarita propose son guide pour les \u00e9trangers avec les Conditions pour l'achat d'une propri\u00e9t\u00e9 sur l'\u00eele de Margarita, Venezuela\",\"breadcrumb\":{\"@id\":\"https:\/\/abogado-isla-margarita.com\/fr\/acheter-une-maison-sur-l-ile-de-margarita-en-tant-que-etranger\/#breadcrumb\"},\"inLanguage\":\"fr-FR\",\"potentialAction\":[{\"@type\":\"ReadAction\",\"target\":[\"https:\/\/abogado-isla-margarita.com\/fr\/acheter-une-maison-sur-l-ile-de-margarita-en-tant-que-etranger\/\"]}]},{\"@type\":\"ImageObject\",\"inLanguage\":\"fr-FR\",\"@id\":\"https:\/\/abogado-isla-margarita.com\/fr\/acheter-une-maison-sur-l-ile-de-margarita-en-tant-que-etranger\/#primaryimage\",\"url\":\"https:\/\/abogado-isla-margarita.com\/wp-content\/uploads\/2025\/03\/Como-comprar-una-casa-en-la-Isla-de-Margarita-siendo-extranjero.png\",\"contentUrl\":\"https:\/\/abogado-isla-margarita.com\/wp-content\/uploads\/2025\/03\/Como-comprar-una-casa-en-la-Isla-de-Margarita-siendo-extranjero.png\"},{\"@type\":\"BreadcrumbList\",\"@id\":\"https:\/\/abogado-isla-margarita.com\/fr\/acheter-une-maison-sur-l-ile-de-margarita-en-tant-que-etranger\/#breadcrumb\",\"itemListElement\":[{\"@type\":\"ListItem\",\"position\":1,\"name\":\"Portada\",\"item\":\"https:\/\/abogado-isla-margarita.com\/fr\/\"},{\"@type\":\"ListItem\",\"position\":2,\"name\":\"Acheter une maison sur l&rsquo;\u00eele de Margarita en tant qu&rsquo;\u00e9tranger\"}]},{\"@type\":\"WebSite\",\"@id\":\"https:\/\/abogado-isla-margarita.com\/fr\/#website\",\"url\":\"https:\/\/abogado-isla-margarita.com\/fr\/\",\"name\":\"Avocats francophones au Venezuela\",\"description\":\"Avocats locaux, solutions globales pour les \u00e9trangers francophones\",\"potentialAction\":[{\"@type\":\"SearchAction\",\"target\":{\"@type\":\"EntryPoint\",\"urlTemplate\":\"https:\/\/abogado-isla-margarita.com\/fr\/?s={search_term_string}\"},\"query-input\":{\"@type\":\"PropertyValueSpecification\",\"valueRequired\":true,\"valueName\":\"search_term_string\"}}],\"inLanguage\":\"fr-FR\"}]}<\/script>\n<!-- \/ Yoast SEO plugin. -->","yoast_head_json":{"title":"Acheter une maison sur l'\u00eele de Margarita en tant qu'\u00e9tranger","description":"Avocats \u00cele de Margarita propose son guide pour les \u00e9trangers avec les Conditions pour l'achat d'une propri\u00e9t\u00e9 sur l'\u00eele de Margarita, Venezuela","robots":{"index":"index","follow":"follow","max-snippet":"max-snippet:-1","max-image-preview":"max-image-preview:large","max-video-preview":"max-video-preview:-1"},"canonical":"https:\/\/abogado-isla-margarita.com\/fr\/acheter-une-maison-sur-l-ile-de-margarita-en-tant-que-etranger\/","og_locale":"fr_FR","og_type":"article","og_title":"Acheter une maison sur l'\u00eele de Margarita en tant qu'\u00e9tranger","og_description":"Avocats \u00cele de Margarita propose son guide pour les \u00e9trangers avec les Conditions pour l'achat d'une propri\u00e9t\u00e9 sur l'\u00eele de Margarita, Venezuela","og_url":"https:\/\/abogado-isla-margarita.com\/fr\/acheter-une-maison-sur-l-ile-de-margarita-en-tant-que-etranger\/","og_site_name":"Avocats francophones au Venezuela","article_modified_time":"2025-05-10T10:18:13+00:00","twitter_card":"summary_large_image","twitter_misc":{"Dur\u00e9e de lecture estim\u00e9e":"2 minutes"},"schema":{"@context":"https:\/\/schema.org","@graph":[{"@type":"WebPage","@id":"https:\/\/abogado-isla-margarita.com\/fr\/acheter-une-maison-sur-l-ile-de-margarita-en-tant-que-etranger\/","url":"https:\/\/abogado-isla-margarita.com\/fr\/acheter-une-maison-sur-l-ile-de-margarita-en-tant-que-etranger\/","name":"Acheter une maison sur l'\u00eele de Margarita en tant qu'\u00e9tranger","isPartOf":{"@id":"https:\/\/abogado-isla-margarita.com\/fr\/#website"},"primaryImageOfPage":{"@id":"https:\/\/abogado-isla-margarita.com\/fr\/acheter-une-maison-sur-l-ile-de-margarita-en-tant-que-etranger\/#primaryimage"},"image":{"@id":"https:\/\/abogado-isla-margarita.com\/fr\/acheter-une-maison-sur-l-ile-de-margarita-en-tant-que-etranger\/#primaryimage"},"thumbnailUrl":"https:\/\/abogado-isla-margarita.com\/wp-content\/uploads\/2025\/03\/Como-comprar-una-casa-en-la-Isla-de-Margarita-siendo-extranjero.png","datePublished":"2025-03-19T14:22:59+00:00","dateModified":"2025-05-10T10:18:13+00:00","description":"Avocats \u00cele de Margarita propose son guide pour les \u00e9trangers avec les Conditions pour l'achat d'une propri\u00e9t\u00e9 sur l'\u00eele de Margarita, Venezuela","breadcrumb":{"@id":"https:\/\/abogado-isla-margarita.com\/fr\/acheter-une-maison-sur-l-ile-de-margarita-en-tant-que-etranger\/#breadcrumb"},"inLanguage":"fr-FR","potentialAction":[{"@type":"ReadAction","target":["https:\/\/abogado-isla-margarita.com\/fr\/acheter-une-maison-sur-l-ile-de-margarita-en-tant-que-etranger\/"]}]},{"@type":"ImageObject","inLanguage":"fr-FR","@id":"https:\/\/abogado-isla-margarita.com\/fr\/acheter-une-maison-sur-l-ile-de-margarita-en-tant-que-etranger\/#primaryimage","url":"https:\/\/abogado-isla-margarita.com\/wp-content\/uploads\/2025\/03\/Como-comprar-una-casa-en-la-Isla-de-Margarita-siendo-extranjero.png","contentUrl":"https:\/\/abogado-isla-margarita.com\/wp-content\/uploads\/2025\/03\/Como-comprar-una-casa-en-la-Isla-de-Margarita-siendo-extranjero.png"},{"@type":"BreadcrumbList","@id":"https:\/\/abogado-isla-margarita.com\/fr\/acheter-une-maison-sur-l-ile-de-margarita-en-tant-que-etranger\/#breadcrumb","itemListElement":[{"@type":"ListItem","position":1,"name":"Portada","item":"https:\/\/abogado-isla-margarita.com\/fr\/"},{"@type":"ListItem","position":2,"name":"Acheter une maison sur l&rsquo;\u00eele de Margarita en tant qu&rsquo;\u00e9tranger"}]},{"@type":"WebSite","@id":"https:\/\/abogado-isla-margarita.com\/fr\/#website","url":"https:\/\/abogado-isla-margarita.com\/fr\/","name":"Avocats francophones au Venezuela","description":"Avocats locaux, solutions globales pour les \u00e9trangers francophones","potentialAction":[{"@type":"SearchAction","target":{"@type":"EntryPoint","urlTemplate":"https:\/\/abogado-isla-margarita.com\/fr\/?s={search_term_string}"},"query-input":{"@type":"PropertyValueSpecification","valueRequired":true,"valueName":"search_term_string"}}],"inLanguage":"fr-FR"}]}},"_links":{"self":[{"href":"https:\/\/abogado-isla-margarita.com\/fr\/wp-json\/wp\/v2\/pages\/209","targetHints":{"allow":["GET"]}}],"collection":[{"href":"https:\/\/abogado-isla-margarita.com\/fr\/wp-json\/wp\/v2\/pages"}],"about":[{"href":"https:\/\/abogado-isla-margarita.com\/fr\/wp-json\/wp\/v2\/types\/page"}],"author":[{"embeddable":true,"href":"https:\/\/abogado-isla-margarita.com\/fr\/wp-json\/wp\/v2\/users\/1"}],"replies":[{"embeddable":true,"href":"https:\/\/abogado-isla-margarita.com\/fr\/wp-json\/wp\/v2\/comments?post=209"}],"version-history":[{"count":0,"href":"https:\/\/abogado-isla-margarita.com\/fr\/wp-json\/wp\/v2\/pages\/209\/revisions"}],"wp:attachment":[{"href":"https:\/\/abogado-isla-margarita.com\/fr\/wp-json\/wp\/v2\/media?parent=209"}],"curies":[{"name":"wp","href":"https:\/\/api.w.org\/{rel}","templated":true}]}}