{"id":241,"date":"2025-03-21T15:04:19","date_gmt":"2025-03-21T14:04:19","guid":{"rendered":"https:\/\/abogado-isla-margarita.com\/fr\/?page_id=241"},"modified":"2025-05-10T12:09:18","modified_gmt":"2025-05-10T10:09:18","slug":"consultation-juridique-en-ligne-via-whatsapp","status":"publish","type":"page","link":"https:\/\/abogado-isla-margarita.com\/fr\/consultation-juridique-en-ligne-via-whatsapp\/","title":{"rendered":"Consultation juridique en ligne via WhatsApp"},"content":{"rendered":"\n<div class=\"wp-block-group has-global-padding is-content-justification-center is-layout-constrained wp-container-core-group-is-layout-1 wp-block-group-is-layout-constrained\" style=\"margin-top:0;margin-bottom:0;padding-top:70px;padding-right:20px;padding-bottom:70px;padding-left:20px\">\n<div class=\"wp-block-columns is-layout-flex wp-container-core-columns-is-layout-1 wp-block-columns-is-layout-flex\" style=\"padding-right:0;padding-left:0\">\n<div class=\"wp-block-column is-vertically-aligned-center wow animate__animated animate__fadeIn is-layout-flow wp-block-column-is-layout-flow\">\n<p class=\"has-sml-medium-font-size\" style=\"font-style:normal;font-weight:700;letter-spacing:1px;line-height:1.5;text-transform:uppercase\">Cabinet virtuel d\u2019avocats<\/p>\n\n\n\n<h1 class=\"wp-block-heading\" style=\"margin-top:5px;margin-bottom:0;line-height:1.2\">Vous avez une question juridique ?<\/h1>\n\n\n\n<h2 class=\"wp-block-heading\" style=\"margin-top:5px;margin-bottom:0;line-height:1.2\">Avocats \u00cele de Margarita propose des consultations juridiques en ligne via WhatsApp pour les \u00e9trangers francophones.<\/h2>\n\n\n\n<p class=\"has-text-align-left\" style=\"margin-top:0;margin-bottom:0;padding-top:30px;padding-bottom:30px;line-height:1.5\"><br><strong>Ce service comprend :<\/strong><\/p>\n\n\n\n<ul class=\"wp-block-list\">\n<li>R\u00e9ponse \u00e9crite, motiv\u00e9e et dans un langage simple.<\/li>\n\n\n\n<li>Vous posez \u00e0 nouveau des questions, si n\u00e9cessaire.<\/li>\n\n\n\n<li>Suivi et support des contacts via WhatsApp.<\/li>\n<\/ul>\n\n\n\n<p>La consultation juridique est un service juridique qui fournit un nombre sp\u00e9cifique de r\u00e9ponses \u00e0 des questions de conseil juridique pour un particulier ou une entreprise aupr\u00e8s d&rsquo;un avocat ou d&rsquo;une \u00e9quipe d&rsquo;avocats.<\/p>\n\n\n\n<p class=\"has-text-align-left\" style=\"margin-top:0;margin-bottom:0;padding-top:30px;padding-bottom:30px;line-height:1.5\">Ce service permet aux clients de consulter et d&rsquo;obtenir des conseils juridiques sur toute question juridique, y compris les questions juridiques, les probl\u00e8mes de recouvrement ou de conformit\u00e9, les contrats, les litiges, les transactions et autres questions juridiques.<\/p>\n<\/div>\n\n\n\n<div class=\"wp-block-column is-vertically-aligned-top has-global-padding is-layout-constrained wp-block-column-is-layout-constrained\">\n<div class=\"wp-block-cover is-light\" style=\"border-style:none;border-width:0px;border-radius:0px;min-height:600px;aspect-ratio:unset;\"><span aria-hidden=\"true\" class=\"wp-block-cover__background has-background-dim-0 has-background-dim\"><\/span><img decoding=\"async\" class=\"wp-block-cover__image-background wp-image-363\" alt=\"Consultas Legales en L\u00ednea Isla de Maragarita por Whatsapp por extranjero\" src=\"https:\/\/abogado-isla-margarita.com\/wp-content\/uploads\/2025\/03\/Consultas-Legales-en-Linea-Isla-de-Maragarita-por-Whatsapp-por-extranjero.png\" data-object-fit=\"cover\"\/><div class=\"wp-block-cover__inner-container has-global-padding is-layout-constrained wp-block-cover-is-layout-constrained\">\n<p class=\"has-text-align-center has-large-font-size\"><\/p>\n<\/div><\/div>\n<\/div>\n<\/div>\n<\/div>\n\n\n\n<p><strong>Horaires disponibles :<\/strong> 8h00 \u2013 12h00, heure du V\u00e9n\u00e9zu\u00e9la (jours ouvrables)<\/p>\n\n\n\n<p><strong>Dur\u00e9e de la consultation:<\/strong> 30 &#8211; 45 minutes<\/p>\n\n\n\n<p><em>Le service n&rsquo;inclut pas la cr\u00e9ation de documents ou les appels vid\u00e9o.<\/em><br>Cette consultation sera assur\u00e9e par notre avocat :<\/p>\n\n\n\n<p>Mtre. <strong>Diana C. ROJAS<\/strong><br>Avocat et sp\u00e9cialiste sur l&rsquo;\u00eele de Margarita.<\/p>\n\n\n\n<p><\/p>\n\n\n\n<div class=\"wpforms-container wpforms-container-full wpforms-stripe wpforms-render-modern\" id=\"wpforms-237\"><form id=\"wpforms-form-237\" class=\"wpforms-validate wpforms-form wpforms-ajax-form\" data-formid=\"237\" method=\"post\" enctype=\"multipart\/form-data\" action=\"\/fr\/wp-json\/wp\/v2\/pages\/241\" data-token=\"25d3f70adc1b7dc3e2c868dcfdc0e9fb\" data-token-time=\"1778074158\"><noscript class=\"wpforms-error-noscript\">Veuillez activer JavaScript dans votre navigateur pour remplir ce formulaire.<\/noscript><div class=\"wpforms-hidden\" id=\"wpforms-error-noscript\">Veuillez activer JavaScript dans votre navigateur pour remplir ce formulaire.<\/div><div class=\"wpforms-field-container\"><div id=\"wpforms-237-field_1-container\" class=\"wpforms-field wpforms-field-payment-single\" data-field-id=\"1\"><label class=\"wpforms-field-label\">Consultation juridique en ligne via WhatsApp<\/label><div class=\"wpforms-single-item-price-content\"><div class=\"wpforms-single-item-price wpforms-field-medium wpforms-payment-price\">Prix\u00a0: <span class=\"wpforms-price\">33,00 &euro;<\/span><\/div><\/div><input type=\"hidden\" id=\"wpforms-237-field_1\" class=\"wpforms-field-medium wpforms-payment-price\" name=\"wpforms[fields][1]\" value=\"33,00 &euro;\"><\/div><div id=\"wpforms-237-field_2-container\" class=\"wpforms-field wpforms-field-name\" data-field-id=\"2\"><fieldset><legend class=\"wpforms-field-label\">Nom <span class=\"wpforms-required-label\" aria-hidden=\"true\">*<\/span><\/legend><div class=\"wpforms-field-row wpforms-field-medium\"><div class=\"wpforms-field-row-block wpforms-first wpforms-one-half\"><input type=\"text\" id=\"wpforms-237-field_2\" class=\"wpforms-field-name-first wpforms-field-required\" name=\"wpforms[fields][2][first]\" aria-errormessage=\"wpforms-237-field_2-error\" required><label for=\"wpforms-237-field_2\" class=\"wpforms-field-sublabel after\">Pr\u00e9nom<\/label><\/div><div class=\"wpforms-field-row-block wpforms-one-half\"><input type=\"text\" id=\"wpforms-237-field_2-last\" class=\"wpforms-field-name-last wpforms-field-required\" name=\"wpforms[fields][2][last]\" aria-errormessage=\"wpforms-237-field_2-last-error\" required><label for=\"wpforms-237-field_2-last\" class=\"wpforms-field-sublabel after\">Nom<\/label><\/div><\/div><\/fieldset><\/div><div id=\"wpforms-237-field_7-container\" class=\"wpforms-field wpforms-field-text\" data-field-id=\"7\"><label class=\"wpforms-field-label\" for=\"wpforms-237-field_7\">Num\u00e9ro de t\u00e9l\u00e9phone WhatsApp <span class=\"wpforms-required-label\" aria-hidden=\"true\">*<\/span><\/label><input type=\"text\" id=\"wpforms-237-field_7\" class=\"wpforms-field-small wpforms-field-required\" name=\"wpforms[fields][7]\" aria-errormessage=\"wpforms-237-field_7-error\" aria-describedby=\"wpforms-237-field_7-description\" required><div id=\"wpforms-237-field_7-description\" class=\"wpforms-field-description\">Par exemple, si votre num\u00e9ro est de France (indicatif pays \u00ab 33 \u00bb) et a l'indicatif r\u00e9gional \u00ab 408 \u00bb et le num\u00e9ro de t\u00e9l\u00e9phone \u00ab XXX-XXXX \u00bb, vous devez saisir +33 408 XXX XXXX.<\/div><\/div><div id=\"wpforms-237-field_3-container\" class=\"wpforms-field wpforms-field-radio\" data-field-id=\"3\"><fieldset><legend class=\"wpforms-field-label\">Langue <span class=\"wpforms-required-label\" aria-hidden=\"true\">*<\/span><\/legend><ul id=\"wpforms-237-field_3\" class=\"wpforms-field-required\"><li class=\"choice-1 depth-1\"><input type=\"radio\" id=\"wpforms-237-field_3_1\" name=\"wpforms[fields][3]\" value=\"Fran\u00e7ais\" aria-errormessage=\"wpforms-237-field_3_1-error\" required ><label class=\"wpforms-field-label-inline\" for=\"wpforms-237-field_3_1\">Fran\u00e7ais<\/label><\/li><li class=\"choice-2 depth-1\"><input type=\"radio\" id=\"wpforms-237-field_3_2\" name=\"wpforms[fields][3]\" value=\"Anglais\" aria-errormessage=\"wpforms-237-field_3_2-error\" required ><label class=\"wpforms-field-label-inline\" for=\"wpforms-237-field_3_2\">Anglais<\/label><\/li><li class=\"choice-3 depth-1\"><input type=\"radio\" id=\"wpforms-237-field_3_3\" name=\"wpforms[fields][3]\" value=\"Espa\u00f1ol\" aria-errormessage=\"wpforms-237-field_3_3-error\" required ><label class=\"wpforms-field-label-inline\" for=\"wpforms-237-field_3_3\">Espa\u00f1ol<\/label><\/li><\/ul><\/fieldset><\/div><div id=\"wpforms-237-field_8-container\" class=\"wpforms-field wpforms-field-radio\" data-field-id=\"8\"><fieldset><legend class=\"wpforms-field-label\">Je souhaite etre contact\u00e9 par <span class=\"wpforms-required-label\" aria-hidden=\"true\">*<\/span><\/legend><ul id=\"wpforms-237-field_8\" class=\"wpforms-field-required\"><li class=\"choice-1 depth-1\"><input type=\"radio\" id=\"wpforms-237-field_8_1\" name=\"wpforms[fields][8]\" value=\"WhatsApp\" aria-errormessage=\"wpforms-237-field_8_1-error\" required ><label class=\"wpforms-field-label-inline\" for=\"wpforms-237-field_8_1\">WhatsApp<\/label><\/li><li class=\"choice-2 depth-1\"><input type=\"radio\" id=\"wpforms-237-field_8_2\" name=\"wpforms[fields][8]\" value=\"Email\" aria-errormessage=\"wpforms-237-field_8_2-error\" required ><label class=\"wpforms-field-label-inline\" for=\"wpforms-237-field_8_2\">Email<\/label><\/li><\/ul><\/fieldset><\/div><div id=\"wpforms-237-field_4-container\" class=\"wpforms-field wpforms-field-payment-total wpforms-field-medium wpforms-summary-enabled\" data-field-id=\"4\"><label class=\"wpforms-field-label\">Total<\/label><div class=\"wpforms-order-summary-container\">\n\t<table class=\"wpforms-order-summary-preview\" cellpadding=\"0\" cellspacing=\"0\" width=\"100%\" role=\"presentation\">\n\t\t<caption style=\"display: none;\">R\u00e9sum\u00e9 de la commande<\/caption>\n\t\t<thead>\n\t\t\t<tr>\n\t\t\t\t<th class=\"wpforms-order-summary-item-label\" valign=\"top\">Article<\/th>\n\t\t\t\t<th class=\"wpforms-order-summary-item-quantity\" valign=\"top\">\n\t\t\t\t\t<span class=\"wpforms-order-summary-item-quantity-label-full\">Quantit\u00e9<\/span>\n\t\t\t\t\t<span class=\"wpforms-order-summary-item-quantity-label-short\">Qty<\/span>\n\t\t\t\t<\/th>\n\t\t\t\t<th class=\"wpforms-order-summary-item-price\" valign=\"top\" style=\"width:12ch;\">Total<\/th>\n\t\t\t<\/tr>\n\t\t<\/thead>\n\t\t<tbody>\n\t\t\t<tr class=\"wpforms-order-summary-placeholder wpforms-order-summary-placeholder-hidden\" style=\"display: none;\">\n\t\t\t\t<td colspan=\"3\" valign=\"top\">Aucun produit n\u2019est s\u00e9lectionn\u00e9.<\/td>\n\t\t\t<\/tr>\n\t\t\t<tr class=\"wpforms-order-summary-field\" data-field=\"1\" ><td class=\"wpforms-order-summary-item-label\" valign=\"top\">Consultation juridique en ligne via WhatsApp<\/td><td class=\"wpforms-order-summary-item-quantity\" valign=\"top\">1<\/td><td class=\"wpforms-order-summary-item-price\" valign=\"top\" style=\"width:12ch;\">33,00 &euro;<\/td><\/tr><tr class=\"wpforms-order-summary-preview-total\" ><td class=\"wpforms-order-summary-item-label\" valign=\"top\">Total<\/td><td class=\"wpforms-order-summary-item-quantity\" valign=\"top\"><\/td><td class=\"wpforms-order-summary-item-price\" valign=\"top\" style=\"width:12ch;\">33,00 &euro;<\/td><\/tr>\t\t<\/tbody>\n\t<\/table>\n<\/div>\n<div class=\"wpforms-payment-total\" style=\"display:none\">0,00 &euro;<\/div><input type=\"hidden\" id=\"wpforms-237-field_4\" class=\"wpforms-field-medium wpforms-payment-total\" name=\"wpforms[fields][4]\" value=\"0\"><\/div><div id=\"wpforms-237-field_5-container\" class=\"wpforms-field wpforms-field-stripe-credit-card\" data-field-id=\"5\"><label class=\"wpforms-field-label\">Paiement s\u00e9curis\u00e9 avec Stripe <span class=\"wpforms-required-label\" aria-hidden=\"true\">*<\/span><\/label><div class=\"wpforms-field-row wpforms-no-columns wpforms-field-medium \" data-sublabel-position=\"above\" data-link-email=\"\" data-required=\"1\"><div id=\"wpforms-field-stripe-link-element-237\"><\/div><div id=\"wpforms-field-stripe-payment-element-237\"><\/div><input type=\"text\" class=\"wpforms-stripe-credit-card-hidden-input\" name=\"wpforms[stripe-credit-card-hidden-input-237]\" disabled style=\"display: none;\"><\/div><\/div><\/div><!-- .wpforms-field-container --><div class=\"wpforms-recaptcha-container wpforms-is-turnstile\" ><div class=\"g-recaptcha\" data-sitekey=\"0x4AAAAAAB_tujb_GE4Et-UT\" data-action=\"FormID-237\"><\/div><input type=\"text\" name=\"g-recaptcha-hidden\" class=\"wpforms-recaptcha-hidden\" style=\"position:absolute!important;clip:rect(0,0,0,0)!important;height:1px!important;width:1px!important;border:0!important;overflow:hidden!important;padding:0!important;margin:0!important;\" data-rule-turnstile=\"1\"><\/div><div class=\"wpforms-submit-container\" ><input type=\"hidden\" name=\"wpforms[id]\" value=\"237\"><input type=\"hidden\" name=\"page_title\" value=\"\"><input type=\"hidden\" name=\"page_url\" value=\"https:\/\/abogado-isla-margarita.com\/fr\/wp-json\/wp\/v2\/pages\/241\"><button type=\"submit\" name=\"wpforms[submit]\" id=\"wpforms-submit-237\" class=\"wpforms-submit\" data-alt-text=\"Envoi...\" data-submit-text=\"Envoyer\" aria-live=\"assertive\" value=\"wpforms-submit\">Envoyer<\/button><img loading=\"lazy\" decoding=\"async\" src=\"https:\/\/abogado-isla-margarita.com\/fr\/wp-content\/plugins\/wpforms-lite\/assets\/images\/submit-spin.svg\" class=\"wpforms-submit-spinner\" style=\"display: none;\" width=\"26\" height=\"26\" alt=\"Chargement en cours\"><\/div><\/form><\/div>  <!-- .wpforms-container -->\n","protected":false},"excerpt":{"rendered":"<p>Cabinet virtuel d\u2019avocats Vous avez une question juridique ? Avocats \u00cele de Margarita propose des consultations juridiques en ligne via WhatsApp pour les \u00e9trangers francophones. Ce service comprend : La consultation juridique est un service juridique qui fournit un nombre sp\u00e9cifique de r\u00e9ponses \u00e0 des questions de conseil juridique pour un particulier ou une entreprise [&hellip;]<\/p>\n","protected":false},"author":1,"featured_media":0,"parent":0,"menu_order":0,"comment_status":"closed","ping_status":"closed","template":"","meta":{"footnotes":""},"class_list":["post-241","page","type-page","status-publish","hentry"],"yoast_head":"<!-- This site is optimized with the Yoast SEO plugin v24.5 - https:\/\/yoast.com\/wordpress\/plugins\/seo\/ -->\n<title>Consultation juridique en ligne Avocat l&#039;\u00eele de Margarita<\/title>\n<meta name=\"description\" content=\"Vous avez une question juridique ? Margarita Island Lawyers propose des consultations juridiques en ligne via WhatsApp pour les francophones.\" \/>\n<meta name=\"robots\" content=\"index, follow, max-snippet:-1, max-image-preview:large, max-video-preview:-1\" \/>\n<link rel=\"canonical\" href=\"https:\/\/abogado-isla-margarita.com\/fr\/consultation-juridique-en-ligne-via-whatsapp\/\" \/>\n<meta property=\"og:locale\" content=\"fr_FR\" \/>\n<meta property=\"og:type\" content=\"article\" \/>\n<meta property=\"og:title\" content=\"Consultation juridique en ligne Avocat l&#039;\u00eele de Margarita\" \/>\n<meta property=\"og:description\" content=\"Vous avez une question juridique ? Margarita Island Lawyers propose des consultations juridiques en ligne via WhatsApp pour les francophones.\" \/>\n<meta property=\"og:url\" content=\"https:\/\/abogado-isla-margarita.com\/fr\/consultation-juridique-en-ligne-via-whatsapp\/\" \/>\n<meta property=\"og:site_name\" content=\"Avocats francophones au Venezuela\" \/>\n<meta property=\"article:modified_time\" content=\"2025-05-10T10:09:18+00:00\" \/>\n<meta name=\"twitter:card\" content=\"summary_large_image\" \/>\n<meta name=\"twitter:label1\" content=\"Dur\u00e9e de lecture estim\u00e9e\" \/>\n\t<meta name=\"twitter:data1\" content=\"2 minutes\" \/>\n<script type=\"application\/ld+json\" class=\"yoast-schema-graph\">{\"@context\":\"https:\/\/schema.org\",\"@graph\":[{\"@type\":\"WebPage\",\"@id\":\"https:\/\/abogado-isla-margarita.com\/fr\/consultation-juridique-en-ligne-via-whatsapp\/\",\"url\":\"https:\/\/abogado-isla-margarita.com\/fr\/consultation-juridique-en-ligne-via-whatsapp\/\",\"name\":\"Consultation juridique en ligne Avocat l'\u00eele de Margarita\",\"isPartOf\":{\"@id\":\"https:\/\/abogado-isla-margarita.com\/fr\/#website\"},\"primaryImageOfPage\":{\"@id\":\"https:\/\/abogado-isla-margarita.com\/fr\/consultation-juridique-en-ligne-via-whatsapp\/#primaryimage\"},\"image\":{\"@id\":\"https:\/\/abogado-isla-margarita.com\/fr\/consultation-juridique-en-ligne-via-whatsapp\/#primaryimage\"},\"thumbnailUrl\":\"https:\/\/abogado-isla-margarita.com\/wp-content\/uploads\/2025\/03\/Consultas-Legales-en-Linea-Isla-de-Maragarita-por-Whatsapp-por-extranjero.png\",\"datePublished\":\"2025-03-21T14:04:19+00:00\",\"dateModified\":\"2025-05-10T10:09:18+00:00\",\"description\":\"Vous avez une question juridique ? Margarita Island Lawyers propose des consultations juridiques en ligne via WhatsApp pour les francophones.\",\"breadcrumb\":{\"@id\":\"https:\/\/abogado-isla-margarita.com\/fr\/consultation-juridique-en-ligne-via-whatsapp\/#breadcrumb\"},\"inLanguage\":\"fr-FR\",\"potentialAction\":[{\"@type\":\"ReadAction\",\"target\":[\"https:\/\/abogado-isla-margarita.com\/fr\/consultation-juridique-en-ligne-via-whatsapp\/\"]}]},{\"@type\":\"ImageObject\",\"inLanguage\":\"fr-FR\",\"@id\":\"https:\/\/abogado-isla-margarita.com\/fr\/consultation-juridique-en-ligne-via-whatsapp\/#primaryimage\",\"url\":\"https:\/\/abogado-isla-margarita.com\/wp-content\/uploads\/2025\/03\/Consultas-Legales-en-Linea-Isla-de-Maragarita-por-Whatsapp-por-extranjero.png\",\"contentUrl\":\"https:\/\/abogado-isla-margarita.com\/wp-content\/uploads\/2025\/03\/Consultas-Legales-en-Linea-Isla-de-Maragarita-por-Whatsapp-por-extranjero.png\"},{\"@type\":\"BreadcrumbList\",\"@id\":\"https:\/\/abogado-isla-margarita.com\/fr\/consultation-juridique-en-ligne-via-whatsapp\/#breadcrumb\",\"itemListElement\":[{\"@type\":\"ListItem\",\"position\":1,\"name\":\"Portada\",\"item\":\"https:\/\/abogado-isla-margarita.com\/fr\/\"},{\"@type\":\"ListItem\",\"position\":2,\"name\":\"Consultation juridique en ligne via WhatsApp\"}]},{\"@type\":\"WebSite\",\"@id\":\"https:\/\/abogado-isla-margarita.com\/fr\/#website\",\"url\":\"https:\/\/abogado-isla-margarita.com\/fr\/\",\"name\":\"Avocats francophones au Venezuela\",\"description\":\"Avocats locaux, solutions globales pour les \u00e9trangers francophones\",\"potentialAction\":[{\"@type\":\"SearchAction\",\"target\":{\"@type\":\"EntryPoint\",\"urlTemplate\":\"https:\/\/abogado-isla-margarita.com\/fr\/?s={search_term_string}\"},\"query-input\":{\"@type\":\"PropertyValueSpecification\",\"valueRequired\":true,\"valueName\":\"search_term_string\"}}],\"inLanguage\":\"fr-FR\"}]}<\/script>\n<!-- \/ Yoast SEO plugin. -->","yoast_head_json":{"title":"Consultation juridique en ligne Avocat l'\u00eele de Margarita","description":"Vous avez une question juridique ? Margarita Island Lawyers propose des consultations juridiques en ligne via WhatsApp pour les francophones.","robots":{"index":"index","follow":"follow","max-snippet":"max-snippet:-1","max-image-preview":"max-image-preview:large","max-video-preview":"max-video-preview:-1"},"canonical":"https:\/\/abogado-isla-margarita.com\/fr\/consultation-juridique-en-ligne-via-whatsapp\/","og_locale":"fr_FR","og_type":"article","og_title":"Consultation juridique en ligne Avocat l'\u00eele de Margarita","og_description":"Vous avez une question juridique ? Margarita Island Lawyers propose des consultations juridiques en ligne via WhatsApp pour les francophones.","og_url":"https:\/\/abogado-isla-margarita.com\/fr\/consultation-juridique-en-ligne-via-whatsapp\/","og_site_name":"Avocats francophones au Venezuela","article_modified_time":"2025-05-10T10:09:18+00:00","twitter_card":"summary_large_image","twitter_misc":{"Dur\u00e9e de lecture estim\u00e9e":"2 minutes"},"schema":{"@context":"https:\/\/schema.org","@graph":[{"@type":"WebPage","@id":"https:\/\/abogado-isla-margarita.com\/fr\/consultation-juridique-en-ligne-via-whatsapp\/","url":"https:\/\/abogado-isla-margarita.com\/fr\/consultation-juridique-en-ligne-via-whatsapp\/","name":"Consultation juridique en ligne Avocat l'\u00eele de Margarita","isPartOf":{"@id":"https:\/\/abogado-isla-margarita.com\/fr\/#website"},"primaryImageOfPage":{"@id":"https:\/\/abogado-isla-margarita.com\/fr\/consultation-juridique-en-ligne-via-whatsapp\/#primaryimage"},"image":{"@id":"https:\/\/abogado-isla-margarita.com\/fr\/consultation-juridique-en-ligne-via-whatsapp\/#primaryimage"},"thumbnailUrl":"https:\/\/abogado-isla-margarita.com\/wp-content\/uploads\/2025\/03\/Consultas-Legales-en-Linea-Isla-de-Maragarita-por-Whatsapp-por-extranjero.png","datePublished":"2025-03-21T14:04:19+00:00","dateModified":"2025-05-10T10:09:18+00:00","description":"Vous avez une question juridique ? Margarita Island Lawyers propose des consultations juridiques en ligne via WhatsApp pour les francophones.","breadcrumb":{"@id":"https:\/\/abogado-isla-margarita.com\/fr\/consultation-juridique-en-ligne-via-whatsapp\/#breadcrumb"},"inLanguage":"fr-FR","potentialAction":[{"@type":"ReadAction","target":["https:\/\/abogado-isla-margarita.com\/fr\/consultation-juridique-en-ligne-via-whatsapp\/"]}]},{"@type":"ImageObject","inLanguage":"fr-FR","@id":"https:\/\/abogado-isla-margarita.com\/fr\/consultation-juridique-en-ligne-via-whatsapp\/#primaryimage","url":"https:\/\/abogado-isla-margarita.com\/wp-content\/uploads\/2025\/03\/Consultas-Legales-en-Linea-Isla-de-Maragarita-por-Whatsapp-por-extranjero.png","contentUrl":"https:\/\/abogado-isla-margarita.com\/wp-content\/uploads\/2025\/03\/Consultas-Legales-en-Linea-Isla-de-Maragarita-por-Whatsapp-por-extranjero.png"},{"@type":"BreadcrumbList","@id":"https:\/\/abogado-isla-margarita.com\/fr\/consultation-juridique-en-ligne-via-whatsapp\/#breadcrumb","itemListElement":[{"@type":"ListItem","position":1,"name":"Portada","item":"https:\/\/abogado-isla-margarita.com\/fr\/"},{"@type":"ListItem","position":2,"name":"Consultation juridique en ligne via WhatsApp"}]},{"@type":"WebSite","@id":"https:\/\/abogado-isla-margarita.com\/fr\/#website","url":"https:\/\/abogado-isla-margarita.com\/fr\/","name":"Avocats francophones au Venezuela","description":"Avocats locaux, solutions globales pour les \u00e9trangers francophones","potentialAction":[{"@type":"SearchAction","target":{"@type":"EntryPoint","urlTemplate":"https:\/\/abogado-isla-margarita.com\/fr\/?s={search_term_string}"},"query-input":{"@type":"PropertyValueSpecification","valueRequired":true,"valueName":"search_term_string"}}],"inLanguage":"fr-FR"}]}},"_links":{"self":[{"href":"https:\/\/abogado-isla-margarita.com\/fr\/wp-json\/wp\/v2\/pages\/241","targetHints":{"allow":["GET"]}}],"collection":[{"href":"https:\/\/abogado-isla-margarita.com\/fr\/wp-json\/wp\/v2\/pages"}],"about":[{"href":"https:\/\/abogado-isla-margarita.com\/fr\/wp-json\/wp\/v2\/types\/page"}],"author":[{"embeddable":true,"href":"https:\/\/abogado-isla-margarita.com\/fr\/wp-json\/wp\/v2\/users\/1"}],"replies":[{"embeddable":true,"href":"https:\/\/abogado-isla-margarita.com\/fr\/wp-json\/wp\/v2\/comments?post=241"}],"version-history":[{"count":0,"href":"https:\/\/abogado-isla-margarita.com\/fr\/wp-json\/wp\/v2\/pages\/241\/revisions"}],"wp:attachment":[{"href":"https:\/\/abogado-isla-margarita.com\/fr\/wp-json\/wp\/v2\/media?parent=241"}],"curies":[{"name":"wp","href":"https:\/\/api.w.org\/{rel}","templated":true}]}}